{"id":910,"date":"2012-11-19T15:44:04","date_gmt":"2012-11-19T15:44:04","guid":{"rendered":""},"modified":"2013-09-28T12:17:04","modified_gmt":"2013-09-28T12:17:04","slug":"versandkosten","status":"publish","type":"page","link":"https:\/\/secret-audio.de\/en\/shop\/versandkosten\/","title":{"rendered":"Billing and delivery"},"content":{"rendered":"<div class=\"ps_document\">\n<h1>Zahlungs- und Versandinformationen<\/h1>\n<h2>Zahlarten und Versandkosten<\/h2>\n<h3>1. Zahlungsm\u00f6glichkeiten<\/h3>\n<p class=\"subsection\"><span class=\"numbering\" width=\"0px\">1.1<\/span> F\u00fcr Lieferungen innerhalb Deutschlands bieten wir folgende<br \/>\nZahlungsm\u00f6glichkeiten an, sofern in der jeweiligen Produktdarstellung im<br \/>\n Angebot nichts anderes bestimmt ist:<\/p>\n<p class=\"subsection\"><span class=\"bullet\" width=\"0px\">&#8211;<\/span> Vorauskasse per \u00dcberweisung<\/p>\n<p class=\"subsection\"><span class=\"bullet\" width=\"0px\">&#8211;<\/span> Paypal<\/p>\n<p class=\"subsection\"><span class=\"bullet\" width=\"0px\">&#8211;<\/span> Lieferung auf Rechnung<\/p>\n<p class=\"subsection\"><span class=\"numbering\" width=\"0px\">1.2<\/span> F\u00fcr Lieferungen ins Ausland bieten wir folgende Zahlungsm\u00f6glichkeiten<br \/>\nan, sofern in der jeweiligen Produktdarstellung im Angebot nichts<br \/>\nanderes bestimmt ist:&nbsp;<\/p>\n<p class=\"subsection\"><span class=\"bullet\" width=\"0px\">&#8211;<\/span> Vorauskasse per \u00dcberweisung<\/p>\n<p class=\"subsection\"><span class=\"bullet\" width=\"0px\">&#8211;<\/span> Paypal<\/p>\n<p class=\"subsection\"><span class=\"bullet\" width=\"0px\">&#8211;<\/span> Lieferung auf Rechnung<\/p>\n<h3>2. Lieferung<\/h3>\n<p class=\"subsection\"><span class=\"numbering\" width=\"0px\">2.1<\/span> Der Versand Ihrer Bestellung erfolgt per&nbsp;Deutsche Post, DHL, Hermes<\/p>\n<p class=\"subsection\"><span class=\"numbering\" width=\"0px\">2.2<\/span> Wir versenden in folgende L\u00e4nder: Deutschland,&nbsp;Europa\/ USA\/Kanada<br \/>Die jeweils anfallenden Versandkosten finden Sie unter dem Punkt 3.1 und 3.2<\/p>\n<h3>3. Versandkosten<\/h3>\n<p class=\"subsection\"><span class=\"numbering\" width=\"0px\">3.1<\/span> Innerhalb Deutschlands erfolgt die Lieferung versandkostenfrei.<\/p>\n<p class=\"subsection\"><span class=\"numbering\" width=\"0px\">3.2<\/span> F\u00fcr den Versand ins Ausland berechnen wir pauschal pro Bestellung folgende Versandkosten:<br \/>Gem\u00e4\u00df DHL-Tarifen<\/p>\n<p class=\"subsection\"><span class=\"numbering\" width=\"0px\">3.3<\/span> Bitte beachten Sie, dass bei grenz\u00fcberschreitenden Lieferungen weitere Steuern (etwa im Fall eines innergemeinschaftlichen Erwerbs) und\/oder Abgaben, etwa in Form von Z\u00f6llen anfallen k\u00f6nnen, die von Ihnen zu tragen sind.<\/p>\n<\/div>\n","protected":false},"excerpt":{"rendered":"<p>Zahlungs- und Versandinformationen Zahlarten und Versandkosten 1. Zahlungsm\u00f6glichkeiten 1.1 F\u00fcr Lieferungen innerhalb Deutschlands bieten wir folgende Zahlungsm\u00f6glichkeiten an, sofern in der jeweiligen Produktdarstellung im Angebot nichts anderes bestimmt ist: &#8211; Vorauskasse per \u00dcberweisung &#8211; Paypal &#8211; Lieferung auf Rechnung 1.2 &hellip; <a href=\"https:\/\/secret-audio.de\/en\/shop\/versandkosten\/\">Continue reading <span class=\"meta-nav\">&rarr;<\/span><\/a><\/p>\n","protected":false},"author":4,"featured_media":0,"parent":900,"menu_order":0,"comment_status":"closed","ping_status":"closed","template":"page-legalstuff.php","meta":{"sfsi_plus_gutenberg_text_before_share":"","sfsi_plus_gutenberg_show_text_before_share":"","sfsi_plus_gutenberg_icon_type":"","sfsi_plus_gutenberg_icon_alignemt":"","sfsi_plus_gutenburg_max_per_row":""},"yoast_head":"<!-- This site is optimized with the Yoast SEO plugin v18.2 - https:\/\/yoast.com\/wordpress\/plugins\/seo\/ -->\n<meta name=\"robots\" content=\"index, follow, max-snippet:-1, max-image-preview:large, max-video-preview:-1\" \/>\n<link rel=\"canonical\" href=\"https:\/\/secret-audio.de\/shop\/versandkosten\/\" \/>\n<meta property=\"og:locale\" content=\"en_US\" \/>\n<meta property=\"og:type\" content=\"article\" \/>\n<meta property=\"og:title\" content=\"Billing and delivery - My CMS\" \/>\n<meta property=\"og:description\" content=\"Zahlungs- und Versandinformationen Zahlarten und Versandkosten 1. Zahlungsm\u00f6glichkeiten 1.1 F\u00fcr Lieferungen innerhalb Deutschlands bieten wir folgende Zahlungsm\u00f6glichkeiten an, sofern in der jeweiligen Produktdarstellung im Angebot nichts anderes bestimmt ist: &#8211; Vorauskasse per \u00dcberweisung &#8211; Paypal &#8211; Lieferung auf Rechnung 1.2 &hellip; Continue reading &rarr;\" \/>\n<meta property=\"og:url\" content=\"https:\/\/secret-audio.de\/shop\/versandkosten\/\" \/>\n<meta property=\"og:site_name\" content=\"My CMS\" \/>\n<meta property=\"article:modified_time\" content=\"2013-09-28T12:17:04+00:00\" \/>\n<meta name=\"twitter:card\" content=\"summary_large_image\" \/>\n<meta name=\"twitter:label1\" content=\"Est. reading time\" \/>\n\t<meta name=\"twitter:data1\" content=\"1 minute\" \/>\n<script type=\"application\/ld+json\" class=\"yoast-schema-graph\">{\"@context\":\"https:\/\/schema.org\",\"@graph\":[{\"@type\":\"WebSite\",\"@id\":\"https:\/\/secret-audio.de\/#website\",\"url\":\"https:\/\/secret-audio.de\/\",\"name\":\"My CMS\",\"description\":\"For The Perfect Sound: Overdrive distortion Pedals.\",\"potentialAction\":[{\"@type\":\"SearchAction\",\"target\":{\"@type\":\"EntryPoint\",\"urlTemplate\":\"https:\/\/secret-audio.de\/?s={search_term_string}\"},\"query-input\":\"required name=search_term_string\"}],\"inLanguage\":\"en-US\"},{\"@type\":\"WebPage\",\"@id\":\"https:\/\/secret-audio.de\/shop\/versandkosten\/#webpage\",\"url\":\"https:\/\/secret-audio.de\/shop\/versandkosten\/\",\"name\":\"Billing and delivery - My CMS\",\"isPartOf\":{\"@id\":\"https:\/\/secret-audio.de\/#website\"},\"datePublished\":\"2012-11-19T15:44:04+00:00\",\"dateModified\":\"2013-09-28T12:17:04+00:00\",\"breadcrumb\":{\"@id\":\"https:\/\/secret-audio.de\/shop\/versandkosten\/#breadcrumb\"},\"inLanguage\":\"en-US\",\"potentialAction\":[{\"@type\":\"ReadAction\",\"target\":[\"https:\/\/secret-audio.de\/shop\/versandkosten\/\"]}]},{\"@type\":\"BreadcrumbList\",\"@id\":\"https:\/\/secret-audio.de\/shop\/versandkosten\/#breadcrumb\",\"itemListElement\":[{\"@type\":\"ListItem\",\"position\":1,\"name\":\"Startseite\",\"item\":\"https:\/\/secret-audio.de\/\"},{\"@type\":\"ListItem\",\"position\":2,\"name\":\"Shop\",\"item\":\"https:\/\/secret-audio.de\/shop\/\"},{\"@type\":\"ListItem\",\"position\":3,\"name\":\"Versandkosten\"}]}]}<\/script>\n<!-- \/ Yoast SEO plugin. -->","yoast_head_json":{"robots":{"index":"index","follow":"follow","max-snippet":"max-snippet:-1","max-image-preview":"max-image-preview:large","max-video-preview":"max-video-preview:-1"},"canonical":"https:\/\/secret-audio.de\/shop\/versandkosten\/","og_locale":"en_US","og_type":"article","og_title":"Billing and delivery - My CMS","og_description":"Zahlungs- und Versandinformationen Zahlarten und Versandkosten 1. Zahlungsm\u00f6glichkeiten 1.1 F\u00fcr Lieferungen innerhalb Deutschlands bieten wir folgende Zahlungsm\u00f6glichkeiten an, sofern in der jeweiligen Produktdarstellung im Angebot nichts anderes bestimmt ist: &#8211; Vorauskasse per \u00dcberweisung &#8211; Paypal &#8211; Lieferung auf Rechnung 1.2 &hellip; Continue reading &rarr;","og_url":"https:\/\/secret-audio.de\/shop\/versandkosten\/","og_site_name":"My CMS","article_modified_time":"2013-09-28T12:17:04+00:00","twitter_card":"summary_large_image","twitter_misc":{"Est. reading time":"1 minute"},"schema":{"@context":"https:\/\/schema.org","@graph":[{"@type":"WebSite","@id":"https:\/\/secret-audio.de\/#website","url":"https:\/\/secret-audio.de\/","name":"My CMS","description":"For The Perfect Sound: Overdrive distortion Pedals.","potentialAction":[{"@type":"SearchAction","target":{"@type":"EntryPoint","urlTemplate":"https:\/\/secret-audio.de\/?s={search_term_string}"},"query-input":"required name=search_term_string"}],"inLanguage":"en-US"},{"@type":"WebPage","@id":"https:\/\/secret-audio.de\/shop\/versandkosten\/#webpage","url":"https:\/\/secret-audio.de\/shop\/versandkosten\/","name":"Billing and delivery - My CMS","isPartOf":{"@id":"https:\/\/secret-audio.de\/#website"},"datePublished":"2012-11-19T15:44:04+00:00","dateModified":"2013-09-28T12:17:04+00:00","breadcrumb":{"@id":"https:\/\/secret-audio.de\/shop\/versandkosten\/#breadcrumb"},"inLanguage":"en-US","potentialAction":[{"@type":"ReadAction","target":["https:\/\/secret-audio.de\/shop\/versandkosten\/"]}]},{"@type":"BreadcrumbList","@id":"https:\/\/secret-audio.de\/shop\/versandkosten\/#breadcrumb","itemListElement":[{"@type":"ListItem","position":1,"name":"Startseite","item":"https:\/\/secret-audio.de\/"},{"@type":"ListItem","position":2,"name":"Shop","item":"https:\/\/secret-audio.de\/shop\/"},{"@type":"ListItem","position":3,"name":"Versandkosten"}]}]}},"_links":{"self":[{"href":"https:\/\/secret-audio.de\/en\/wp-json\/wp\/v2\/pages\/910"}],"collection":[{"href":"https:\/\/secret-audio.de\/en\/wp-json\/wp\/v2\/pages"}],"about":[{"href":"https:\/\/secret-audio.de\/en\/wp-json\/wp\/v2\/types\/page"}],"author":[{"embeddable":true,"href":"https:\/\/secret-audio.de\/en\/wp-json\/wp\/v2\/users\/4"}],"replies":[{"embeddable":true,"href":"https:\/\/secret-audio.de\/en\/wp-json\/wp\/v2\/comments?post=910"}],"version-history":[{"count":5,"href":"https:\/\/secret-audio.de\/en\/wp-json\/wp\/v2\/pages\/910\/revisions"}],"predecessor-version":[{"id":965,"href":"https:\/\/secret-audio.de\/en\/wp-json\/wp\/v2\/pages\/910\/revisions\/965"}],"up":[{"embeddable":true,"href":"https:\/\/secret-audio.de\/en\/wp-json\/wp\/v2\/pages\/900"}],"wp:attachment":[{"href":"https:\/\/secret-audio.de\/en\/wp-json\/wp\/v2\/media?parent=910"}],"curies":[{"name":"wp","href":"https:\/\/api.w.org\/{rel}","templated":true}]}}