{"id":1620,"date":"2022-03-05T17:16:25","date_gmt":"2022-03-05T17:16:25","guid":{"rendered":"https:\/\/secret-audio.de\/?page_id=1620"},"modified":"2022-03-05T20:00:03","modified_gmt":"2022-03-05T20:00:03","slug":"die-bluesmachine","status":"publish","type":"page","link":"https:\/\/secret-audio.de\/en\/die-bluesmachine\/","title":{"rendered":"Die Bluesmachine"},"content":{"rendered":"\n<div class=\"wp-block-image is-style-default\"><figure class=\"aligncenter size-full is-resized\"><img loading=\"lazy\" src=\"https:\/\/secret-audio.de\/wp-content\/uploads\/2022\/03\/Screenshot-2022-03-05-at-18.14.15.jpg\" alt=\"\" class=\"wp-image-1621\" width=\"499\" height=\"401\"\/><figcaption>Bluesmachine<\/figcaption><\/figure><\/div>\n\n\n\n<h2>Die Bluesmachine<\/h2>\n\n\n\n<p>Die Bluesmaschine ist ein Ultravielseitiger Preamp und ein optischer Kompressor beziehungsweise Booster kombiniert in einem Ger\u00e4t. Auf der rechten Seite findet sich ein rauscharmer optischer Kompressor der in Makeup Gain, Attack, Level und Kompression regelbar ist. Dar\u00fcber hinaus kann man bei Bedarf den bright Schalter aktivieren um das Signal \u00e4hnlich einem loudness Effekt etwas aufzufrischen.<br>Dreht man die Kompression auf null, ist das Ger\u00e4t als reiner Booster zu verwenden, der Kompressionseffekt ist dann v\u00f6llig ausgeschaltet und man hat einen Boost mit viel Headroom und Lautst\u00e4rkenreserven zur Verf\u00fcgung, der das Signal bei Bedarf auch auffrischen kann. Bringt man die Kompression wieder ins Spiel, so beeinflussen sich die Parameter Gain(make up Gain) und Kompression\u2026 Eine zus\u00e4tzliche LED gibt Informationen \u00fcber deren Intensit\u00e4t. Man kann dann von einem leichten Limiter bis zu stark Sustain verl\u00e4ngernden Sounds alles realisieren.<\/p>\n\n\n\n<p>Auf der linken Seite befindet sich die eigentliche Bluesmaschine, ein Ultra vielseitiger Preamp, mit einem extremen Leistungsstarken aktiven Equalizer. Die Verst\u00e4rkung ist enorm dynamisch und man kann in der ersten H\u00e4lfte der Gain Regelung alles von Clean bis semi Clean realisieren, ab circa 13:00 Uhr f\u00e4ngt die Verzerrung dann an deutlicher h\u00f6rbar zu werden und reicht bis zu einem ordentlichen Rockbrett, wenn das Gain voll aufgedreht wird. Dabei bleibt der Ton stets extrem dynamisch, durchsichtig und feinf\u00fchlig in der Ansprache. Die aktive 3-Band Tone Reglung gibt einem auf jedem Band die M\u00f6glichkeit das Signal um bis zu 15 dB abzusenken oder zu verst\u00e4rken. Zum Beispiel lassen sich selbst dunkel klingende Hals Humbucker wunderbar aufklaren, aber ohne dass Bassdruck verloren geht. Dar\u00fcber hinaus verf\u00fcgt die Bluesmachine noch \u00fcber zwei interne Trimm Potis, ein Mastertone Regler und eine aktive Presence Reglung, mit denen man das Signal nochmals justieren kann. So bleiben in Sachen Tone Shaping keine W\u00fcnsche offen\u2026<br>Grunds\u00e4tzlich ist der Sound sehr transparent und durchsichtig mit vielen Obert\u00f6nen , kann aber aufgrund der extremen vielseitigen Klangregelung auch v\u00f6llig ver\u00e4ndert werden. Bis hin zu einem Midboost oder scooped Sounds ist alles m\u00f6glich und so l\u00e4sst sich auch jede Gitarre prima an ein Setup anpassen.<br>Der Booster, Kompressor ist vor dem Vorverst\u00e4rker gelagert und kann diesen bei Bedarf wunderbar anpusten.<br>Beide Effekte verf\u00fcgen, wie auch schon das Blue Secret, \u00fcber einen \u201eauto fade-in\u201c zur elektrisch ger\u00e4uschlosen Aktivierung des Effekts, als auch \u00fcber einen True Bypass.<br>Das Ger\u00e4t ist mit einer 9V Batterie oder einem 9 Volt Netzger\u00e4t (Boss Standart\/9V, Minus innen) zu betreiben.<\/p>\n","protected":false},"excerpt":{"rendered":"<p>Die Bluesmachine Die Bluesmaschine ist ein Ultravielseitiger Preamp und ein optischer Kompressor beziehungsweise Booster kombiniert in einem Ger\u00e4t. Auf der rechten Seite findet sich ein rauscharmer optischer Kompressor der in Makeup Gain, Attack, Level und Kompression regelbar ist. Dar\u00fcber hinaus &hellip; <a href=\"https:\/\/secret-audio.de\/en\/die-bluesmachine\/\">Continue reading <span class=\"meta-nav\">&rarr;<\/span><\/a><\/p>\n","protected":false},"author":5,"featured_media":0,"parent":0,"menu_order":0,"comment_status":"closed","ping_status":"closed","template":"","meta":{"sfsi_plus_gutenberg_text_before_share":"","sfsi_plus_gutenberg_show_text_before_share":"","sfsi_plus_gutenberg_icon_type":"","sfsi_plus_gutenberg_icon_alignemt":"","sfsi_plus_gutenburg_max_per_row":""},"yoast_head":"<!-- This site is optimized with the Yoast SEO plugin v18.2 - https:\/\/yoast.com\/wordpress\/plugins\/seo\/ -->\n<meta name=\"robots\" content=\"index, follow, max-snippet:-1, max-image-preview:large, max-video-preview:-1\" \/>\n<link rel=\"canonical\" href=\"https:\/\/secret-audio.de\/die-bluesmachine\/\" \/>\n<meta property=\"og:locale\" content=\"en_US\" \/>\n<meta property=\"og:type\" content=\"article\" \/>\n<meta property=\"og:title\" content=\"Die Bluesmachine - My CMS\" \/>\n<meta property=\"og:description\" content=\"Die Bluesmachine Die Bluesmaschine ist ein Ultravielseitiger Preamp und ein optischer Kompressor beziehungsweise Booster kombiniert in einem Ger\u00e4t. Auf der rechten Seite findet sich ein rauscharmer optischer Kompressor der in Makeup Gain, Attack, Level und Kompression regelbar ist. Dar\u00fcber hinaus &hellip; Continue reading &rarr;\" \/>\n<meta property=\"og:url\" content=\"https:\/\/secret-audio.de\/die-bluesmachine\/\" \/>\n<meta property=\"og:site_name\" content=\"My CMS\" \/>\n<meta property=\"article:modified_time\" content=\"2022-03-05T20:00:03+00:00\" \/>\n<meta property=\"og:image\" content=\"https:\/\/secret-audio.de\/wp-content\/uploads\/2022\/03\/Screenshot-2022-03-05-at-18.14.15.jpg\" \/>\n<meta name=\"twitter:card\" content=\"summary_large_image\" \/>\n<meta name=\"twitter:label1\" content=\"Est. reading time\" \/>\n\t<meta name=\"twitter:data1\" content=\"3 minutes\" \/>\n<script type=\"application\/ld+json\" class=\"yoast-schema-graph\">{\"@context\":\"https:\/\/schema.org\",\"@graph\":[{\"@type\":\"WebSite\",\"@id\":\"https:\/\/secret-audio.de\/#website\",\"url\":\"https:\/\/secret-audio.de\/\",\"name\":\"My CMS\",\"description\":\"For The Perfect Sound: Overdrive distortion Pedals.\",\"potentialAction\":[{\"@type\":\"SearchAction\",\"target\":{\"@type\":\"EntryPoint\",\"urlTemplate\":\"https:\/\/secret-audio.de\/?s={search_term_string}\"},\"query-input\":\"required name=search_term_string\"}],\"inLanguage\":\"en-US\"},{\"@type\":\"ImageObject\",\"@id\":\"https:\/\/secret-audio.de\/die-bluesmachine\/#primaryimage\",\"inLanguage\":\"en-US\",\"url\":\"https:\/\/secret-audio.de\/wp-content\/uploads\/2022\/03\/Screenshot-2022-03-05-at-18.14.15.jpg\",\"contentUrl\":\"https:\/\/secret-audio.de\/wp-content\/uploads\/2022\/03\/Screenshot-2022-03-05-at-18.14.15.jpg\",\"width\":1995,\"height\":1605},{\"@type\":\"WebPage\",\"@id\":\"https:\/\/secret-audio.de\/die-bluesmachine\/#webpage\",\"url\":\"https:\/\/secret-audio.de\/die-bluesmachine\/\",\"name\":\"Die Bluesmachine - My CMS\",\"isPartOf\":{\"@id\":\"https:\/\/secret-audio.de\/#website\"},\"primaryImageOfPage\":{\"@id\":\"https:\/\/secret-audio.de\/die-bluesmachine\/#primaryimage\"},\"datePublished\":\"2022-03-05T17:16:25+00:00\",\"dateModified\":\"2022-03-05T20:00:03+00:00\",\"breadcrumb\":{\"@id\":\"https:\/\/secret-audio.de\/die-bluesmachine\/#breadcrumb\"},\"inLanguage\":\"en-US\",\"potentialAction\":[{\"@type\":\"ReadAction\",\"target\":[\"https:\/\/secret-audio.de\/die-bluesmachine\/\"]}]},{\"@type\":\"BreadcrumbList\",\"@id\":\"https:\/\/secret-audio.de\/die-bluesmachine\/#breadcrumb\",\"itemListElement\":[{\"@type\":\"ListItem\",\"position\":1,\"name\":\"Startseite\",\"item\":\"https:\/\/secret-audio.de\/\"},{\"@type\":\"ListItem\",\"position\":2,\"name\":\"Die Bluesmachine\"}]}]}<\/script>\n<!-- \/ Yoast SEO plugin. -->","yoast_head_json":{"robots":{"index":"index","follow":"follow","max-snippet":"max-snippet:-1","max-image-preview":"max-image-preview:large","max-video-preview":"max-video-preview:-1"},"canonical":"https:\/\/secret-audio.de\/die-bluesmachine\/","og_locale":"en_US","og_type":"article","og_title":"Die Bluesmachine - My CMS","og_description":"Die Bluesmachine Die Bluesmaschine ist ein Ultravielseitiger Preamp und ein optischer Kompressor beziehungsweise Booster kombiniert in einem Ger\u00e4t. Auf der rechten Seite findet sich ein rauscharmer optischer Kompressor der in Makeup Gain, Attack, Level und Kompression regelbar ist. Dar\u00fcber hinaus &hellip; Continue reading &rarr;","og_url":"https:\/\/secret-audio.de\/die-bluesmachine\/","og_site_name":"My CMS","article_modified_time":"2022-03-05T20:00:03+00:00","og_image":[{"url":"https:\/\/secret-audio.de\/wp-content\/uploads\/2022\/03\/Screenshot-2022-03-05-at-18.14.15.jpg"}],"twitter_card":"summary_large_image","twitter_misc":{"Est. reading time":"3 minutes"},"schema":{"@context":"https:\/\/schema.org","@graph":[{"@type":"WebSite","@id":"https:\/\/secret-audio.de\/#website","url":"https:\/\/secret-audio.de\/","name":"My CMS","description":"For The Perfect Sound: Overdrive distortion Pedals.","potentialAction":[{"@type":"SearchAction","target":{"@type":"EntryPoint","urlTemplate":"https:\/\/secret-audio.de\/?s={search_term_string}"},"query-input":"required name=search_term_string"}],"inLanguage":"en-US"},{"@type":"ImageObject","@id":"https:\/\/secret-audio.de\/die-bluesmachine\/#primaryimage","inLanguage":"en-US","url":"https:\/\/secret-audio.de\/wp-content\/uploads\/2022\/03\/Screenshot-2022-03-05-at-18.14.15.jpg","contentUrl":"https:\/\/secret-audio.de\/wp-content\/uploads\/2022\/03\/Screenshot-2022-03-05-at-18.14.15.jpg","width":1995,"height":1605},{"@type":"WebPage","@id":"https:\/\/secret-audio.de\/die-bluesmachine\/#webpage","url":"https:\/\/secret-audio.de\/die-bluesmachine\/","name":"Die Bluesmachine - My CMS","isPartOf":{"@id":"https:\/\/secret-audio.de\/#website"},"primaryImageOfPage":{"@id":"https:\/\/secret-audio.de\/die-bluesmachine\/#primaryimage"},"datePublished":"2022-03-05T17:16:25+00:00","dateModified":"2022-03-05T20:00:03+00:00","breadcrumb":{"@id":"https:\/\/secret-audio.de\/die-bluesmachine\/#breadcrumb"},"inLanguage":"en-US","potentialAction":[{"@type":"ReadAction","target":["https:\/\/secret-audio.de\/die-bluesmachine\/"]}]},{"@type":"BreadcrumbList","@id":"https:\/\/secret-audio.de\/die-bluesmachine\/#breadcrumb","itemListElement":[{"@type":"ListItem","position":1,"name":"Startseite","item":"https:\/\/secret-audio.de\/"},{"@type":"ListItem","position":2,"name":"Die Bluesmachine"}]}]}},"_links":{"self":[{"href":"https:\/\/secret-audio.de\/en\/wp-json\/wp\/v2\/pages\/1620"}],"collection":[{"href":"https:\/\/secret-audio.de\/en\/wp-json\/wp\/v2\/pages"}],"about":[{"href":"https:\/\/secret-audio.de\/en\/wp-json\/wp\/v2\/types\/page"}],"author":[{"embeddable":true,"href":"https:\/\/secret-audio.de\/en\/wp-json\/wp\/v2\/users\/5"}],"replies":[{"embeddable":true,"href":"https:\/\/secret-audio.de\/en\/wp-json\/wp\/v2\/comments?post=1620"}],"version-history":[{"count":6,"href":"https:\/\/secret-audio.de\/en\/wp-json\/wp\/v2\/pages\/1620\/revisions"}],"predecessor-version":[{"id":1627,"href":"https:\/\/secret-audio.de\/en\/wp-json\/wp\/v2\/pages\/1620\/revisions\/1627"}],"wp:attachment":[{"href":"https:\/\/secret-audio.de\/en\/wp-json\/wp\/v2\/media?parent=1620"}],"curies":[{"name":"wp","href":"https:\/\/api.w.org\/{rel}","templated":true}]}}