{"id":1527,"date":"2020-09-09T07:36:57","date_gmt":"2020-09-09T07:36:57","guid":{"rendered":"http:\/\/secret-audio.de\/?page_id=1527"},"modified":"2022-03-05T19:55:48","modified_gmt":"2022-03-05T19:55:48","slug":"das-blue-secret","status":"publish","type":"page","link":"https:\/\/secret-audio.de\/en\/das-blue-secret\/","title":{"rendered":"Das blue secret"},"content":{"rendered":"\n<p>Werner Neumann checkt das blue secret im Video!<\/p>\n\n\n\n<figure class=\"wp-block-embed is-type-video is-provider-youtube wp-block-embed-youtube wp-embed-aspect-16-9 wp-has-aspect-ratio\"><div class=\"wp-block-embed__wrapper\">\n<iframe loading=\"lazy\" hcb-fetch-image-from=\"https:\/\/www.youtube.com\/watch?v=5XujHgCvJF0\" title=\"blue secret check\" width=\"640\" height=\"360\" src=\"https:\/\/www.youtube.com\/embed\/5XujHgCvJF0?feature=oembed\" frameborder=\"0\" allow=\"accelerometer; autoplay; clipboard-write; encrypted-media; gyroscope; picture-in-picture\" allowfullscreen><\/iframe>\n<\/div><\/figure>\n\n\n\n<p>Das Blue Secret beherrscht alle Facetten an Sounds, angefangen von einem Clean Boost bis hin zu einem ultra High Gain Lead Ton.Der Charakter des Instrumentes bleibt dabei jederzeit erhalten und es reagiert sehr sensibel auf alle Spieltechniken.<\/p>\n\n\n\n<p>Das Pedal klingt grunds\u00e4tzlich voll und rund mit viel Obert\u00f6nen und Edge, jedoch niemals schrill oder kratzig.Es arbeitet hervorragend mit jeder Art von Gitarre und vor jedem Verst\u00e4rker.Auch in den h\u00f6chsten Gain Settings bleibt es klar und offen bei einem sensationellen Nebenger\u00e4usch-Verhalten. Rauschen oder Brummen ist quasi nicht wahrnehmbar.<\/p>\n\n\n\n<p>Die \u201eLight\u201c Seite des Pedals liefert alles von Clean bis zu einem voll ges\u00e4ttigtem Rock Sound.Immer rund und klar bildet das Pedal hier das volle Frequenzspektrum der Gitarre ab. Der Klang ist offen mit viel Obert\u00f6nen und sehr sensibel und schnell in der Reaktion auf das eigene Spiel.<br>Die \u201eHeavy\u201c Seite vom Blue Secret beherrscht dann alles von beinahe Clean bis hin zur Grenze des Machbaren in Sachen High Gain.Der Sound ist generell spielunterst\u00fctzend, bildet jedoch jede kleinste Bewegung der Finger klar ab und wird nie matschig oder muffig. Er ist gro\u00df, amplike und immer offen und rund. Dabei verliert er nie an Klarheit.Ein drei Positions-Kippschalter (loose, normal, tight) erlaubt den H\u00f6hen- und Bassgehalt der ersten Verst\u00e4rkungsstufe auf die jeweiligen Tonabnehmer und den eingestellten Verzerrungsgrad anzupassen.Das Pedal ist voll analog und True Bypass.Um einen Einschaltknacks zu verhindern besitzt es ein besonderes Feature: Nach dem Einschalten blendet sich der Effekt innerhalb weniger Millisekunden ein. Eine Art \u201eauto fade in\u201c.<br>Das Blue Secret arbeitet vor jedem Gitarren Verst\u00e4rker und liefert Sounds von SRV \u00fcber Landau bis hin zu Lukather und vor allem in Sachen High Gain noch viel mehr.Entwicklung und Bau des Ger\u00e4tes haben viele Jahre in Anspruch genommen. Probier es aus und du wirst deine Gitarre nicht mehr beiseite legen k\u00f6nnen.<\/p>\n\n\n\n<p>Es l\u00e4uft mit einer 9 Volt Batterie oder einem g\u00e4ngigen 9 V Netzger\u00e4t (Boss Standart, 9V reguliert, Minus Pool am Center Pin, 2,1mm Stecker)<\/p>\n\n\n\n<p><strong>The blue secret is able to deliver anything from a clean boost to ultra high gain overdrive and distortion sounds.<\/strong><strong>It will always preserve the character of your instrument and is very sensitive to your playing technique.<\/strong><strong>The pedal\u2019s sound is full and rich with lots of overtones and edge but never harsh or shrill. It will work with any kind of guitar and in front of every amplifier.<\/strong><strong>Even on highest gain settings it will stay clear and open and has an incredible low noise floor. Actually there\u2019s hardly any hiss audible.<\/strong><strong>The \u201clight\u201d side of the pedal will take you from clean to well saturated rock sound. The sound is always round and clear and will display the full spectrum of the guitar.<\/strong><strong>It sounds open with lots of clarity and is very touch sensitive and reacts quick.<\/strong><strong>The \u201cheavy\u201d side of the pedal will take you from a slight crunch (or nearly clean) to the limits of high gain distortion.<\/strong><strong>Though being very supportive to the player it will picture any suttle move off your fingers and never get mushy or muddy. The sound is big, heavy and amp like and always open and rich. A three positions toggle switch (tight, normal, loose) allows you to set the amount of treble and bass produced by the first gain stage according to your pickups and the dialed in gain setting.<\/strong><strong>The pedal is all analog and true bypass. To prevent from pop noise when switched on it features an amazing \u201cfade in\u201d effect on both sides of a few milliseconds length. <\/strong><strong>This device will work in front of any amplifier and delivers sounds reaching from SRV to Landau up to Lukather and further. <\/strong><strong>The development of this circuit took many years. <\/strong><strong>Try it out and you won\u2019t be able to stop playing your guitar any more.<\/strong>&nbsp;&nbsp;&nbsp;The Blue Secret runs on a 9V battery (you\u2019ll have to unscrew the bottom plate to change the battery) or a power supply (recommended). Please use only regulated 9V DC adapters with a 2.1mm jack and negative center pin (standard in BOSS and most other guitar pedals).&nbsp;&nbsp;<\/p>\n","protected":false},"excerpt":{"rendered":"<p>Werner Neumann checkt das blue secret im Video! Das Blue Secret beherrscht alle Facetten an Sounds, angefangen von einem Clean Boost bis hin zu einem ultra High Gain Lead Ton.Der Charakter des Instrumentes bleibt dabei jederzeit erhalten und es reagiert &hellip; <a href=\"https:\/\/secret-audio.de\/en\/das-blue-secret\/\">Continue reading <span class=\"meta-nav\">&rarr;<\/span><\/a><\/p>\n","protected":false},"author":5,"featured_media":1529,"parent":0,"menu_order":0,"comment_status":"closed","ping_status":"closed","template":"","meta":{"sfsi_plus_gutenberg_text_before_share":"","sfsi_plus_gutenberg_show_text_before_share":"","sfsi_plus_gutenberg_icon_type":"","sfsi_plus_gutenberg_icon_alignemt":"","sfsi_plus_gutenburg_max_per_row":""},"yoast_head":"<!-- This site is optimized with the Yoast SEO plugin v18.2 - https:\/\/yoast.com\/wordpress\/plugins\/seo\/ -->\n<meta name=\"robots\" content=\"index, follow, max-snippet:-1, max-image-preview:large, max-video-preview:-1\" \/>\n<link rel=\"canonical\" href=\"https:\/\/secret-audio.de\/das-blue-secret\/\" \/>\n<meta property=\"og:locale\" content=\"en_US\" \/>\n<meta property=\"og:type\" content=\"article\" \/>\n<meta property=\"og:title\" content=\"Das blue secret - My CMS\" \/>\n<meta property=\"og:description\" content=\"Werner Neumann checkt das blue secret im Video! Das Blue Secret beherrscht alle Facetten an Sounds, angefangen von einem Clean Boost bis hin zu einem ultra High Gain Lead Ton.Der Charakter des Instrumentes bleibt dabei jederzeit erhalten und es reagiert &hellip; Continue reading &rarr;\" \/>\n<meta property=\"og:url\" content=\"https:\/\/secret-audio.de\/das-blue-secret\/\" \/>\n<meta property=\"og:site_name\" content=\"My CMS\" \/>\n<meta property=\"article:modified_time\" content=\"2022-03-05T19:55:48+00:00\" \/>\n<meta property=\"og:image\" content=\"https:\/\/secret-audio.de\/wp-content\/uploads\/2020\/09\/Screenshot-2020-09-09-at-09.45.12.jpg\" \/>\n\t<meta property=\"og:image:width\" content=\"2069\" \/>\n\t<meta property=\"og:image:height\" content=\"1894\" \/>\n\t<meta property=\"og:image:type\" content=\"image\/jpeg\" \/>\n<meta name=\"twitter:card\" content=\"summary_large_image\" \/>\n<meta name=\"twitter:label1\" content=\"Est. reading time\" \/>\n\t<meta name=\"twitter:data1\" content=\"4 minutes\" \/>\n<script type=\"application\/ld+json\" class=\"yoast-schema-graph\">{\"@context\":\"https:\/\/schema.org\",\"@graph\":[{\"@type\":\"WebSite\",\"@id\":\"https:\/\/secret-audio.de\/#website\",\"url\":\"https:\/\/secret-audio.de\/\",\"name\":\"My CMS\",\"description\":\"For The Perfect Sound: Overdrive distortion Pedals.\",\"potentialAction\":[{\"@type\":\"SearchAction\",\"target\":{\"@type\":\"EntryPoint\",\"urlTemplate\":\"https:\/\/secret-audio.de\/?s={search_term_string}\"},\"query-input\":\"required name=search_term_string\"}],\"inLanguage\":\"en-US\"},{\"@type\":\"ImageObject\",\"@id\":\"https:\/\/secret-audio.de\/das-blue-secret\/#primaryimage\",\"inLanguage\":\"en-US\",\"url\":\"https:\/\/secret-audio.de\/wp-content\/uploads\/2020\/09\/Screenshot-2020-09-09-at-09.45.12.jpg\",\"contentUrl\":\"https:\/\/secret-audio.de\/wp-content\/uploads\/2020\/09\/Screenshot-2020-09-09-at-09.45.12.jpg\",\"width\":2069,\"height\":1894},{\"@type\":\"WebPage\",\"@id\":\"https:\/\/secret-audio.de\/das-blue-secret\/#webpage\",\"url\":\"https:\/\/secret-audio.de\/das-blue-secret\/\",\"name\":\"Das blue secret - My CMS\",\"isPartOf\":{\"@id\":\"https:\/\/secret-audio.de\/#website\"},\"primaryImageOfPage\":{\"@id\":\"https:\/\/secret-audio.de\/das-blue-secret\/#primaryimage\"},\"datePublished\":\"2020-09-09T07:36:57+00:00\",\"dateModified\":\"2022-03-05T19:55:48+00:00\",\"breadcrumb\":{\"@id\":\"https:\/\/secret-audio.de\/das-blue-secret\/#breadcrumb\"},\"inLanguage\":\"en-US\",\"potentialAction\":[{\"@type\":\"ReadAction\",\"target\":[\"https:\/\/secret-audio.de\/das-blue-secret\/\"]}]},{\"@type\":\"BreadcrumbList\",\"@id\":\"https:\/\/secret-audio.de\/das-blue-secret\/#breadcrumb\",\"itemListElement\":[{\"@type\":\"ListItem\",\"position\":1,\"name\":\"Startseite\",\"item\":\"https:\/\/secret-audio.de\/\"},{\"@type\":\"ListItem\",\"position\":2,\"name\":\"Das blue secret\"}]}]}<\/script>\n<!-- \/ Yoast SEO plugin. -->","yoast_head_json":{"robots":{"index":"index","follow":"follow","max-snippet":"max-snippet:-1","max-image-preview":"max-image-preview:large","max-video-preview":"max-video-preview:-1"},"canonical":"https:\/\/secret-audio.de\/das-blue-secret\/","og_locale":"en_US","og_type":"article","og_title":"Das blue secret - My CMS","og_description":"Werner Neumann checkt das blue secret im Video! Das Blue Secret beherrscht alle Facetten an Sounds, angefangen von einem Clean Boost bis hin zu einem ultra High Gain Lead Ton.Der Charakter des Instrumentes bleibt dabei jederzeit erhalten und es reagiert &hellip; Continue reading &rarr;","og_url":"https:\/\/secret-audio.de\/das-blue-secret\/","og_site_name":"My CMS","article_modified_time":"2022-03-05T19:55:48+00:00","og_image":[{"width":2069,"height":1894,"url":"https:\/\/secret-audio.de\/wp-content\/uploads\/2020\/09\/Screenshot-2020-09-09-at-09.45.12.jpg","type":"image\/jpeg"}],"twitter_card":"summary_large_image","twitter_misc":{"Est. reading time":"4 minutes"},"schema":{"@context":"https:\/\/schema.org","@graph":[{"@type":"WebSite","@id":"https:\/\/secret-audio.de\/#website","url":"https:\/\/secret-audio.de\/","name":"My CMS","description":"For The Perfect Sound: Overdrive distortion Pedals.","potentialAction":[{"@type":"SearchAction","target":{"@type":"EntryPoint","urlTemplate":"https:\/\/secret-audio.de\/?s={search_term_string}"},"query-input":"required name=search_term_string"}],"inLanguage":"en-US"},{"@type":"ImageObject","@id":"https:\/\/secret-audio.de\/das-blue-secret\/#primaryimage","inLanguage":"en-US","url":"https:\/\/secret-audio.de\/wp-content\/uploads\/2020\/09\/Screenshot-2020-09-09-at-09.45.12.jpg","contentUrl":"https:\/\/secret-audio.de\/wp-content\/uploads\/2020\/09\/Screenshot-2020-09-09-at-09.45.12.jpg","width":2069,"height":1894},{"@type":"WebPage","@id":"https:\/\/secret-audio.de\/das-blue-secret\/#webpage","url":"https:\/\/secret-audio.de\/das-blue-secret\/","name":"Das blue secret - My CMS","isPartOf":{"@id":"https:\/\/secret-audio.de\/#website"},"primaryImageOfPage":{"@id":"https:\/\/secret-audio.de\/das-blue-secret\/#primaryimage"},"datePublished":"2020-09-09T07:36:57+00:00","dateModified":"2022-03-05T19:55:48+00:00","breadcrumb":{"@id":"https:\/\/secret-audio.de\/das-blue-secret\/#breadcrumb"},"inLanguage":"en-US","potentialAction":[{"@type":"ReadAction","target":["https:\/\/secret-audio.de\/das-blue-secret\/"]}]},{"@type":"BreadcrumbList","@id":"https:\/\/secret-audio.de\/das-blue-secret\/#breadcrumb","itemListElement":[{"@type":"ListItem","position":1,"name":"Startseite","item":"https:\/\/secret-audio.de\/"},{"@type":"ListItem","position":2,"name":"Das blue secret"}]}]}},"_links":{"self":[{"href":"https:\/\/secret-audio.de\/en\/wp-json\/wp\/v2\/pages\/1527"}],"collection":[{"href":"https:\/\/secret-audio.de\/en\/wp-json\/wp\/v2\/pages"}],"about":[{"href":"https:\/\/secret-audio.de\/en\/wp-json\/wp\/v2\/types\/page"}],"author":[{"embeddable":true,"href":"https:\/\/secret-audio.de\/en\/wp-json\/wp\/v2\/users\/5"}],"replies":[{"embeddable":true,"href":"https:\/\/secret-audio.de\/en\/wp-json\/wp\/v2\/comments?post=1527"}],"version-history":[{"count":3,"href":"https:\/\/secret-audio.de\/en\/wp-json\/wp\/v2\/pages\/1527\/revisions"}],"predecessor-version":[{"id":1646,"href":"https:\/\/secret-audio.de\/en\/wp-json\/wp\/v2\/pages\/1527\/revisions\/1646"}],"wp:featuredmedia":[{"embeddable":true,"href":"https:\/\/secret-audio.de\/en\/wp-json\/wp\/v2\/media\/1529"}],"wp:attachment":[{"href":"https:\/\/secret-audio.de\/en\/wp-json\/wp\/v2\/media?parent=1527"}],"curies":[{"name":"wp","href":"https:\/\/api.w.org\/{rel}","templated":true}]}}