{"id":1329,"date":"2015-01-24T14:00:52","date_gmt":"2015-01-24T14:00:52","guid":{"rendered":"http:\/\/secret-audio.de\/?page_id=1329"},"modified":"2015-05-12T09:08:55","modified_gmt":"2015-05-12T09:08:55","slug":"red-secret-pro","status":"publish","type":"page","link":"https:\/\/secret-audio.de\/en\/red-secret-pro\/","title":{"rendered":"(German) Red Secret PRO"},"content":{"rendered":"<p>[vc_row][vc_column][vc_column_text][vc_row el_position=&#8221;first&#8221;][vc_column][vc_column_text el_position=&#8221;first last&#8221;]<\/p>\n<h1>Red Secret PRO<\/h1>\n<h3>Einfach nur das Beste.<\/h3>\n<p>[\/vc_column_text][\/vc_column][\/vc_row][vc_row][vc_column][vc_single_image image=&#8221;1343&#8243; img_link_target=&#8221;_self&#8221; img_size=&#8221;full&#8221;][vc_column_text el_position=&#8221;first last&#8221;]Das Red Secret Pro ist die &#8220;DeLuxe-Version&#8221;, bei der wir auf spezielle W\u00fcnsche unserer Kunden eingegangen sind, um jeder Anforderung gerecht zu werden. Das Red Secret PRO hat daher sowohl einen eigenen TruBypass-Switch als auch einen Wahlschalter f\u00fcr die beiden Kan\u00e4le. Der Output insgesamt wurde deutlich angehoben und das Gain speziell im zweiten Kanal nochmals\u00a0 erh\u00f6ht. Dabei ist die Distortionqualit\u00e4t sensibel verbessert und der Sound in allen Facetten einf\u00fchlsam weiter verfeinert worden.<\/p>\n<p>Alle Bauteile und Materialien sind ausschlie\u00dflich von bester Qualit\u00e4t. Das Geh\u00e4use\u00a0 ist aus einem Aluminium-Block\u00a0 gefr\u00e4st und anschlie\u00dfend eloxiert und laserbeschriftet inkl. individueller Seriennummer. Besonderer Wert wurde auf die Details gelegt: Der Boden ist plan im Geh\u00e4use eingepasst, die Gewinde f\u00fcr Fussschalter und Buchsen sind direkt in das Geh\u00e4use gefr\u00e4st, wodurch\u00a0 es hier keine h\u00e4\u00dflichen Gegen-Muttern mehr gibt.<\/p>\n<p>Das Red Secret PRO wird nur in sehr geringer St\u00fcckzahl handgefertigt. Das vornehmliche Ziel ist es, damit das beste Ger\u00e4t f\u00fcr den anspruchsvollen Musiker zur Verf\u00fcgung zu stellen, das im Studio- und Livebetrieb denkbar ist.[\/vc_column_text][\/vc_column][\/vc_row][vc_row][vc_column][vc_separator el_position=&#8221;first&#8221;][vc_column_text el_class=&#8221;bottom-16&#8243; el_position=&#8221;last&#8221;]<\/p>\n<h2>Zwei Kan\u00e4le. Sechs Regler. Zwei Schalter.<br \/>\nAlle M\u00f6glichkeiten.<\/h2>\n<p>[\/vc_column_text][\/vc_column][\/vc_row][vc_row][vc_column el_class=&#8221;bottom-24&#8243;][vc_row_inner el_position=&#8221;first last&#8221;][vc_column_inner width=&#8221;1\/3&#8243;][vc_column_text el_position=&#8221;first last&#8221;]<\/p>\n<h3>Verzerrung<\/h3>\n<p>Mit dem Pre-Regler steuerst du den Anteil der Verzerrung. Nachdem du damit deine Grundeinstellung festgelegt hast, kannst du die Verzerrungs-Schwelle flexibel\u00a0an deiner Gitarre kontrollieren.<\/p>\n<p>[\/vc_column_text][\/vc_column_inner][vc_column_inner width=&#8221;1\/3&#8243;][vc_column_text el_position=&#8221;first last&#8221;]<\/p>\n<h3>Klang<\/h3>\n<p>Mit dem multifunktionalen Tone-Regler kannst du in jedem Kanal individuell die &#8220;schweren&#8221; B\u00e4sse (links) oder die &#8220;bluesigen&#8221; Mitten (rechts) betonen. In der mittleren Einstellung bleibt der Klang neutral.<\/p>\n<p>[\/vc_column_text][\/vc_column_inner][vc_column_inner width=&#8221;1\/3&#8243;][vc_column_text el_position=&#8221;first last&#8221;]<\/p>\n<h3>Lautst\u00e4rke<\/h3>\n<p>Mit dem Post-Regler beh\u00e4ltst du den jeweiligen Ausgangspegel eines Kanals unter Kontrolle. Stelle damit die gew\u00fcnschte Ausgangslautst\u00e4rke ein und sie bleibt konstant, auch wenn die Pre- oder Tone-Einstellung ver\u00e4ndert wird.<\/p>\n<p>[\/vc_column_text][\/vc_column_inner][\/vc_row_inner][\/vc_column][\/vc_row][vc_row][vc_column][vc_separator el_position=&#8221;first last&#8221;][\/vc_column][\/vc_row][vc_row][vc_column width=&#8221;1\/2&#8243;][vc_column_text el_position=&#8221;first last&#8221;]<\/p>\n<h2>Auf der B\u00fchne<\/h2>\n<h3>Flexible Kontrolle an deinen Fingerspitzen.<\/h3>\n<p>Stelle einmal mit Red Secret PRO den Grundklang der beiden Kan\u00e4le ein und ver\u00e4ndere ihn dann jeweils mit dem Lautst\u00e4rke-Regler direkt an deiner Gitarre. So kannst du live auf der B\u00fchne absolut flexibel bei allen Passagen den passenden Sound anbieten.<\/p>\n<p>[\/vc_column_text][\/vc_column][vc_column width=&#8221;1\/2&#8243;][vc_column_text el_position=&#8221;first last&#8221;]<\/p>\n<h2>Im Studio<\/h2>\n<h3>Analoger \u201cPfeffer\u201d f\u00fcr die digitale \u201cSuppe\u201d.<\/h3>\n<p>Verbinde das analoge Klangerlebnis mit digitaler Flexibilit\u00e4t zu beeindruckenden Produktions-Ergebnissen \u2013 live und eben auch im Studio. Liefere mit Red Secret echten, analogen Sound und hole dadurch mehr aus der digitalen Studio-Technik heraus.<\/p>\n<p>[\/vc_column_text][\/vc_column][\/vc_row][vc_row][vc_column][vc_column_text][\/vc_column][\/vc_row][vc_row][vc_column][vc_column_text][\/vc_column_text][\/vc_column][\/vc_row]<\/p>","protected":false},"excerpt":{"rendered":"<p>[vc_row][vc_column][vc_column_text][vc_row el_position=&#8221;first&#8221;][vc_column][vc_column_text el_position=&#8221;first last&#8221;] Red Secret PRO Einfach nur das Beste. [\/vc_column_text][\/vc_column][\/vc_row][vc_row][vc_column][vc_single_image image=&#8221;1343&#8243; img_link_target=&#8221;_self&#8221; img_size=&#8221;full&#8221;][vc_column_text el_position=&#8221;first last&#8221;]Das Red Secret Pro ist die &#8220;DeLuxe-Version&#8221;, bei der wir auf spezielle W\u00fcnsche unserer Kunden eingegangen sind, um jeder Anforderung gerecht zu werden. Das &hellip; <a href=\"https:\/\/secret-audio.de\/en\/red-secret-pro\/\">Continue reading <span class=\"meta-nav\">&rarr;<\/span><\/a><\/p>\n","protected":false},"author":4,"featured_media":0,"parent":0,"menu_order":0,"comment_status":"closed","ping_status":"closed","template":"page-singlecolumn.php","meta":{"sfsi_plus_gutenberg_text_before_share":"","sfsi_plus_gutenberg_show_text_before_share":"","sfsi_plus_gutenberg_icon_type":"","sfsi_plus_gutenberg_icon_alignemt":"","sfsi_plus_gutenburg_max_per_row":""},"yoast_head":"<!-- This site is optimized with the Yoast SEO plugin v18.2 - https:\/\/yoast.com\/wordpress\/plugins\/seo\/ -->\n<meta name=\"robots\" content=\"index, follow, max-snippet:-1, max-image-preview:large, max-video-preview:-1\" \/>\n<link rel=\"canonical\" href=\"https:\/\/secret-audio.de\/red-secret-pro\/\" \/>\n<meta property=\"og:locale\" content=\"en_US\" \/>\n<meta property=\"og:type\" content=\"article\" \/>\n<meta property=\"og:title\" content=\"(German) Red Secret PRO - My CMS\" \/>\n<meta property=\"og:description\" content=\"[vc_row][vc_column][vc_column_text][vc_row el_position=&#8221;first&#8221;][vc_column][vc_column_text el_position=&#8221;first last&#8221;] Red Secret PRO Einfach nur das Beste. [\/vc_column_text][\/vc_column][\/vc_row][vc_row][vc_column][vc_single_image image=&#8221;1343&#8243; img_link_target=&#8221;_self&#8221; img_size=&#8221;full&#8221;][vc_column_text el_position=&#8221;first last&#8221;]Das Red Secret Pro ist die &#8220;DeLuxe-Version&#8221;, bei der wir auf spezielle W\u00fcnsche unserer Kunden eingegangen sind, um jeder Anforderung gerecht zu werden. Das &hellip; Continue reading &rarr;\" \/>\n<meta property=\"og:url\" content=\"https:\/\/secret-audio.de\/red-secret-pro\/\" \/>\n<meta property=\"og:site_name\" content=\"My CMS\" \/>\n<meta property=\"article:modified_time\" content=\"2015-05-12T09:08:55+00:00\" \/>\n<meta name=\"twitter:card\" content=\"summary_large_image\" \/>\n<meta name=\"twitter:label1\" content=\"Est. reading time\" \/>\n\t<meta name=\"twitter:data1\" content=\"6 minutes\" \/>\n<script type=\"application\/ld+json\" class=\"yoast-schema-graph\">{\"@context\":\"https:\/\/schema.org\",\"@graph\":[{\"@type\":\"WebSite\",\"@id\":\"https:\/\/secret-audio.de\/#website\",\"url\":\"https:\/\/secret-audio.de\/\",\"name\":\"My CMS\",\"description\":\"For The Perfect Sound: Overdrive distortion Pedals.\",\"potentialAction\":[{\"@type\":\"SearchAction\",\"target\":{\"@type\":\"EntryPoint\",\"urlTemplate\":\"https:\/\/secret-audio.de\/?s={search_term_string}\"},\"query-input\":\"required name=search_term_string\"}],\"inLanguage\":\"en-US\"},{\"@type\":\"WebPage\",\"@id\":\"https:\/\/secret-audio.de\/red-secret-pro\/#webpage\",\"url\":\"https:\/\/secret-audio.de\/red-secret-pro\/\",\"name\":\"(German) Red Secret PRO - My CMS\",\"isPartOf\":{\"@id\":\"https:\/\/secret-audio.de\/#website\"},\"datePublished\":\"2015-01-24T14:00:52+00:00\",\"dateModified\":\"2015-05-12T09:08:55+00:00\",\"breadcrumb\":{\"@id\":\"https:\/\/secret-audio.de\/red-secret-pro\/#breadcrumb\"},\"inLanguage\":\"en-US\",\"potentialAction\":[{\"@type\":\"ReadAction\",\"target\":[\"https:\/\/secret-audio.de\/red-secret-pro\/\"]}]},{\"@type\":\"BreadcrumbList\",\"@id\":\"https:\/\/secret-audio.de\/red-secret-pro\/#breadcrumb\",\"itemListElement\":[{\"@type\":\"ListItem\",\"position\":1,\"name\":\"Startseite\",\"item\":\"https:\/\/secret-audio.de\/\"},{\"@type\":\"ListItem\",\"position\":2,\"name\":\"Red Secret PRO\"}]}]}<\/script>\n<!-- \/ Yoast SEO plugin. -->","yoast_head_json":{"robots":{"index":"index","follow":"follow","max-snippet":"max-snippet:-1","max-image-preview":"max-image-preview:large","max-video-preview":"max-video-preview:-1"},"canonical":"https:\/\/secret-audio.de\/red-secret-pro\/","og_locale":"en_US","og_type":"article","og_title":"(German) Red Secret PRO - My CMS","og_description":"[vc_row][vc_column][vc_column_text][vc_row el_position=&#8221;first&#8221;][vc_column][vc_column_text el_position=&#8221;first last&#8221;] Red Secret PRO Einfach nur das Beste. [\/vc_column_text][\/vc_column][\/vc_row][vc_row][vc_column][vc_single_image image=&#8221;1343&#8243; img_link_target=&#8221;_self&#8221; img_size=&#8221;full&#8221;][vc_column_text el_position=&#8221;first last&#8221;]Das Red Secret Pro ist die &#8220;DeLuxe-Version&#8221;, bei der wir auf spezielle W\u00fcnsche unserer Kunden eingegangen sind, um jeder Anforderung gerecht zu werden. Das &hellip; Continue reading &rarr;","og_url":"https:\/\/secret-audio.de\/red-secret-pro\/","og_site_name":"My CMS","article_modified_time":"2015-05-12T09:08:55+00:00","twitter_card":"summary_large_image","twitter_misc":{"Est. reading time":"6 minutes"},"schema":{"@context":"https:\/\/schema.org","@graph":[{"@type":"WebSite","@id":"https:\/\/secret-audio.de\/#website","url":"https:\/\/secret-audio.de\/","name":"My CMS","description":"For The Perfect Sound: Overdrive distortion Pedals.","potentialAction":[{"@type":"SearchAction","target":{"@type":"EntryPoint","urlTemplate":"https:\/\/secret-audio.de\/?s={search_term_string}"},"query-input":"required name=search_term_string"}],"inLanguage":"en-US"},{"@type":"WebPage","@id":"https:\/\/secret-audio.de\/red-secret-pro\/#webpage","url":"https:\/\/secret-audio.de\/red-secret-pro\/","name":"(German) Red Secret PRO - My CMS","isPartOf":{"@id":"https:\/\/secret-audio.de\/#website"},"datePublished":"2015-01-24T14:00:52+00:00","dateModified":"2015-05-12T09:08:55+00:00","breadcrumb":{"@id":"https:\/\/secret-audio.de\/red-secret-pro\/#breadcrumb"},"inLanguage":"en-US","potentialAction":[{"@type":"ReadAction","target":["https:\/\/secret-audio.de\/red-secret-pro\/"]}]},{"@type":"BreadcrumbList","@id":"https:\/\/secret-audio.de\/red-secret-pro\/#breadcrumb","itemListElement":[{"@type":"ListItem","position":1,"name":"Startseite","item":"https:\/\/secret-audio.de\/"},{"@type":"ListItem","position":2,"name":"Red Secret PRO"}]}]}},"_links":{"self":[{"href":"https:\/\/secret-audio.de\/en\/wp-json\/wp\/v2\/pages\/1329"}],"collection":[{"href":"https:\/\/secret-audio.de\/en\/wp-json\/wp\/v2\/pages"}],"about":[{"href":"https:\/\/secret-audio.de\/en\/wp-json\/wp\/v2\/types\/page"}],"author":[{"embeddable":true,"href":"https:\/\/secret-audio.de\/en\/wp-json\/wp\/v2\/users\/4"}],"replies":[{"embeddable":true,"href":"https:\/\/secret-audio.de\/en\/wp-json\/wp\/v2\/comments?post=1329"}],"version-history":[{"count":11,"href":"https:\/\/secret-audio.de\/en\/wp-json\/wp\/v2\/pages\/1329\/revisions"}],"predecessor-version":[{"id":1394,"href":"https:\/\/secret-audio.de\/en\/wp-json\/wp\/v2\/pages\/1329\/revisions\/1394"}],"wp:attachment":[{"href":"https:\/\/secret-audio.de\/en\/wp-json\/wp\/v2\/media?parent=1329"}],"curies":[{"name":"wp","href":"https:\/\/api.w.org\/{rel}","templated":true}]}}