{"id":1203,"date":"2013-11-17T20:03:25","date_gmt":"2013-11-17T20:03:25","guid":{"rendered":"http:\/\/secret-audio.de\/?page_id=1203"},"modified":"2015-04-12T18:11:45","modified_gmt":"2015-04-12T18:11:45","slug":"so-entstand-red-secret","status":"publish","type":"page","link":"https:\/\/secret-audio.de\/en\/so-entstand-red-secret\/","title":{"rendered":"History"},"content":{"rendered":"<p>[vc_row][vc_column][vc_column_text]Red Secret hat angefangen mit einer Idee.<\/p>\n<p>Der Idee, den \u201ebesten\u201c Bodenpreamp zu bauen den es gibt.<br \/>\nKompromisslos im Sound und von der Bedienung so intuitiv und \u00fcbersichtlich wie m\u00f6glich.<br \/>\nNach und nach ist diese Idee Realit\u00e4t geworden.<\/p>\n<p><img loading=\"lazy\" class=\"alignnone size-full wp-image-1238\" alt=\"20110411-_4110264-edit1\" src=\"https:\/\/secret-audio.de\/wp-content\/uploads\/2013\/11\/20110411-_4110264-edit12.jpg\" width=\"900\" height=\"600\" srcset=\"https:\/\/secret-audio.de\/wp-content\/uploads\/2013\/11\/20110411-_4110264-edit12.jpg 900w, https:\/\/secret-audio.de\/wp-content\/uploads\/2013\/11\/20110411-_4110264-edit12-300x200.jpg 300w\" sizes=\"(max-width: 900px) 100vw, 900px\" \/><\/p>\n<p><strong>Wir erstellten viele Design-Entw\u00fcrfe in einem virtuellen Raum auf dem Computer.<\/strong> In unserer Werkstatt hatten wir einfach keinen Platz mehr.<\/p>\n<p><img loading=\"lazy\" alt=\"Red_Secret - Entwuerfe\" src=\"https:\/\/secret-audio.de\/wp-content\/uploads\/2012\/02\/Red_Secret-Entwuerfe.jpg\" width=\"900\" height=\"615\" \/><\/p>\n<p><strong>Wir fragten alle unsere Mitarbeiter, welcher Entwurf ihnen am besten gef\u00e4llt.<\/strong> Alle vier fanden diesen Entwurf am allersch\u00f6nsten.<\/p>\n<p><img loading=\"lazy\" alt=\"final design\" src=\"https:\/\/secret-audio.de\/wp-content\/uploads\/2013\/11\/final-design.jpg\" width=\"900\" height=\"500\" \/><\/p>\n<p><strong>W\u00e4hrend wir erste endg\u00fcltige Exemplare herstellten, testeten ausgew\u00e4hlte Musiker unsere Prototypen live vor gro\u00dfem Publikum.<\/strong> Die meisten Prototypen haben wir nie wiederbekommen.<\/p>\n<p><img loading=\"lazy\" class=\"alignnone size-full wp-image-1245\" alt=\"DSCF0472\" src=\"https:\/\/secret-audio.de\/wp-content\/uploads\/2013\/11\/DSCF04722.jpg\" width=\"900\" height=\"598\" srcset=\"https:\/\/secret-audio.de\/wp-content\/uploads\/2013\/11\/DSCF04722.jpg 900w, https:\/\/secret-audio.de\/wp-content\/uploads\/2013\/11\/DSCF04722-300x199.jpg 300w\" sizes=\"(max-width: 900px) 100vw, 900px\" \/><\/p>\n<p><strong>Es vergingen einige weitere Wochen, bis wir das endg\u00fcltige Design anfassen konnten.<\/strong>\u00a0Als es dann soweit war, sahen wir \u2013 f\u00fcr unsere Verh\u00e4ltnisse \u2013\u00a0extrem gl\u00fccklich aus.<\/p>\n<p><img loading=\"lazy\" class=\"alignnone size-full wp-image-1246\" alt=\"DSCF0383\" src=\"https:\/\/secret-audio.de\/wp-content\/uploads\/2013\/11\/DSCF03832.jpg\" width=\"900\" height=\"599\" srcset=\"https:\/\/secret-audio.de\/wp-content\/uploads\/2013\/11\/DSCF03832.jpg 900w, https:\/\/secret-audio.de\/wp-content\/uploads\/2013\/11\/DSCF03832-300x199.jpg 300w\" sizes=\"(max-width: 900px) 100vw, 900px\" \/><\/p>\n<p><strong>Dann bauten wir noch viele weitere sch\u00f6ne rote Kisten.<\/strong>\u00a0Bis es sehr viele fertige sch\u00f6ne rote Kisten gab.<\/p>\n<p><img loading=\"lazy\" class=\"alignnone size-full wp-image-1243\" alt=\"Produktion RS 2\" src=\"https:\/\/secret-audio.de\/wp-content\/uploads\/2013\/11\/Produktion-RS-21.jpg\" width=\"900\" height=\"600\" srcset=\"https:\/\/secret-audio.de\/wp-content\/uploads\/2013\/11\/Produktion-RS-21.jpg 900w, https:\/\/secret-audio.de\/wp-content\/uploads\/2013\/11\/Produktion-RS-21-300x200.jpg 300w\" sizes=\"(max-width: 900px) 100vw, 900px\" \/><\/p>\n<p><strong>Auf der Musikmesse 2013 stellten wir Red Secret zum ersten Mal der gro\u00dfen Musiker-Welt vor.<\/strong> Und so sehen vier stolze Oskar aus, die daf\u00fcr gerade nach Frankfurt gekommen sind.<\/p>\n<p><img loading=\"lazy\" class=\"alignnone size-full wp-image-1240\" alt=\"RED SECRET Frankfurt 11.4.2013\" src=\"https:\/\/secret-audio.de\/wp-content\/uploads\/2013\/11\/RED-SECRET-Frankfurt-11.4.20132.jpg\" width=\"900\" height=\"600\" srcset=\"https:\/\/secret-audio.de\/wp-content\/uploads\/2013\/11\/RED-SECRET-Frankfurt-11.4.20132.jpg 900w, https:\/\/secret-audio.de\/wp-content\/uploads\/2013\/11\/RED-SECRET-Frankfurt-11.4.20132-300x200.jpg 300w\" sizes=\"(max-width: 900px) 100vw, 900px\" \/>[\/vc_column_text][\/vc_column][\/vc_row]<\/p>","protected":false},"excerpt":{"rendered":"<p>[vc_row][vc_column][vc_column_text]Red Secret hat angefangen mit einer Idee. Der Idee, den \u201ebesten\u201c Bodenpreamp zu bauen den es gibt. Kompromisslos im Sound und von der Bedienung so intuitiv und \u00fcbersichtlich wie m\u00f6glich. Nach und nach ist diese Idee Realit\u00e4t geworden. Wir erstellten &hellip; <a href=\"https:\/\/secret-audio.de\/en\/so-entstand-red-secret\/\">Continue reading <span class=\"meta-nav\">&rarr;<\/span><\/a><\/p>\n","protected":false},"author":4,"featured_media":0,"parent":0,"menu_order":0,"comment_status":"closed","ping_status":"closed","template":"page-singlecolumn-story.php","meta":{"sfsi_plus_gutenberg_text_before_share":"","sfsi_plus_gutenberg_show_text_before_share":"","sfsi_plus_gutenberg_icon_type":"","sfsi_plus_gutenberg_icon_alignemt":"","sfsi_plus_gutenburg_max_per_row":""},"yoast_head":"<!-- This site is optimized with the Yoast SEO plugin v18.2 - https:\/\/yoast.com\/wordpress\/plugins\/seo\/ -->\n<meta name=\"robots\" content=\"index, follow, max-snippet:-1, max-image-preview:large, max-video-preview:-1\" \/>\n<link rel=\"canonical\" href=\"https:\/\/secret-audio.de\/so-entstand-red-secret\/\" \/>\n<meta property=\"og:locale\" content=\"en_US\" \/>\n<meta property=\"og:type\" content=\"article\" \/>\n<meta property=\"og:title\" content=\"History - My CMS\" \/>\n<meta property=\"og:description\" content=\"[vc_row][vc_column][vc_column_text]Red Secret hat angefangen mit einer Idee. Der Idee, den \u201ebesten\u201c Bodenpreamp zu bauen den es gibt. Kompromisslos im Sound und von der Bedienung so intuitiv und \u00fcbersichtlich wie m\u00f6glich. Nach und nach ist diese Idee Realit\u00e4t geworden. Wir erstellten &hellip; Continue reading &rarr;\" \/>\n<meta property=\"og:url\" content=\"https:\/\/secret-audio.de\/so-entstand-red-secret\/\" \/>\n<meta property=\"og:site_name\" content=\"My CMS\" \/>\n<meta property=\"article:modified_time\" content=\"2015-04-12T18:11:45+00:00\" \/>\n<meta property=\"og:image\" content=\"https:\/\/secret-audio.de\/wp-content\/uploads\/2013\/11\/20110411-_4110264-edit12.jpg\" \/>\n<meta name=\"twitter:card\" content=\"summary_large_image\" \/>\n<meta name=\"twitter:label1\" content=\"Est. reading time\" \/>\n\t<meta name=\"twitter:data1\" content=\"1 minute\" \/>\n<script type=\"application\/ld+json\" class=\"yoast-schema-graph\">{\"@context\":\"https:\/\/schema.org\",\"@graph\":[{\"@type\":\"WebSite\",\"@id\":\"https:\/\/secret-audio.de\/#website\",\"url\":\"https:\/\/secret-audio.de\/\",\"name\":\"My CMS\",\"description\":\"For The Perfect Sound: Overdrive distortion Pedals.\",\"potentialAction\":[{\"@type\":\"SearchAction\",\"target\":{\"@type\":\"EntryPoint\",\"urlTemplate\":\"https:\/\/secret-audio.de\/?s={search_term_string}\"},\"query-input\":\"required name=search_term_string\"}],\"inLanguage\":\"en-US\"},{\"@type\":\"ImageObject\",\"@id\":\"https:\/\/secret-audio.de\/so-entstand-red-secret\/#primaryimage\",\"inLanguage\":\"en-US\",\"url\":\"https:\/\/secret-audio.de\/wp-content\/uploads\/2013\/11\/20110411-_4110264-edit12.jpg\",\"contentUrl\":\"https:\/\/secret-audio.de\/wp-content\/uploads\/2013\/11\/20110411-_4110264-edit12.jpg\",\"width\":900,\"height\":600},{\"@type\":\"WebPage\",\"@id\":\"https:\/\/secret-audio.de\/so-entstand-red-secret\/#webpage\",\"url\":\"https:\/\/secret-audio.de\/so-entstand-red-secret\/\",\"name\":\"History - My CMS\",\"isPartOf\":{\"@id\":\"https:\/\/secret-audio.de\/#website\"},\"primaryImageOfPage\":{\"@id\":\"https:\/\/secret-audio.de\/so-entstand-red-secret\/#primaryimage\"},\"datePublished\":\"2013-11-17T20:03:25+00:00\",\"dateModified\":\"2015-04-12T18:11:45+00:00\",\"breadcrumb\":{\"@id\":\"https:\/\/secret-audio.de\/so-entstand-red-secret\/#breadcrumb\"},\"inLanguage\":\"en-US\",\"potentialAction\":[{\"@type\":\"ReadAction\",\"target\":[\"https:\/\/secret-audio.de\/so-entstand-red-secret\/\"]}]},{\"@type\":\"BreadcrumbList\",\"@id\":\"https:\/\/secret-audio.de\/so-entstand-red-secret\/#breadcrumb\",\"itemListElement\":[{\"@type\":\"ListItem\",\"position\":1,\"name\":\"Startseite\",\"item\":\"https:\/\/secret-audio.de\/\"},{\"@type\":\"ListItem\",\"position\":2,\"name\":\"History\"}]}]}<\/script>\n<!-- \/ Yoast SEO plugin. -->","yoast_head_json":{"robots":{"index":"index","follow":"follow","max-snippet":"max-snippet:-1","max-image-preview":"max-image-preview:large","max-video-preview":"max-video-preview:-1"},"canonical":"https:\/\/secret-audio.de\/so-entstand-red-secret\/","og_locale":"en_US","og_type":"article","og_title":"History - My CMS","og_description":"[vc_row][vc_column][vc_column_text]Red Secret hat angefangen mit einer Idee. Der Idee, den \u201ebesten\u201c Bodenpreamp zu bauen den es gibt. Kompromisslos im Sound und von der Bedienung so intuitiv und \u00fcbersichtlich wie m\u00f6glich. Nach und nach ist diese Idee Realit\u00e4t geworden. Wir erstellten &hellip; Continue reading &rarr;","og_url":"https:\/\/secret-audio.de\/so-entstand-red-secret\/","og_site_name":"My CMS","article_modified_time":"2015-04-12T18:11:45+00:00","og_image":[{"url":"https:\/\/secret-audio.de\/wp-content\/uploads\/2013\/11\/20110411-_4110264-edit12.jpg"}],"twitter_card":"summary_large_image","twitter_misc":{"Est. reading time":"1 minute"},"schema":{"@context":"https:\/\/schema.org","@graph":[{"@type":"WebSite","@id":"https:\/\/secret-audio.de\/#website","url":"https:\/\/secret-audio.de\/","name":"My CMS","description":"For The Perfect Sound: Overdrive distortion Pedals.","potentialAction":[{"@type":"SearchAction","target":{"@type":"EntryPoint","urlTemplate":"https:\/\/secret-audio.de\/?s={search_term_string}"},"query-input":"required name=search_term_string"}],"inLanguage":"en-US"},{"@type":"ImageObject","@id":"https:\/\/secret-audio.de\/so-entstand-red-secret\/#primaryimage","inLanguage":"en-US","url":"https:\/\/secret-audio.de\/wp-content\/uploads\/2013\/11\/20110411-_4110264-edit12.jpg","contentUrl":"https:\/\/secret-audio.de\/wp-content\/uploads\/2013\/11\/20110411-_4110264-edit12.jpg","width":900,"height":600},{"@type":"WebPage","@id":"https:\/\/secret-audio.de\/so-entstand-red-secret\/#webpage","url":"https:\/\/secret-audio.de\/so-entstand-red-secret\/","name":"History - My CMS","isPartOf":{"@id":"https:\/\/secret-audio.de\/#website"},"primaryImageOfPage":{"@id":"https:\/\/secret-audio.de\/so-entstand-red-secret\/#primaryimage"},"datePublished":"2013-11-17T20:03:25+00:00","dateModified":"2015-04-12T18:11:45+00:00","breadcrumb":{"@id":"https:\/\/secret-audio.de\/so-entstand-red-secret\/#breadcrumb"},"inLanguage":"en-US","potentialAction":[{"@type":"ReadAction","target":["https:\/\/secret-audio.de\/so-entstand-red-secret\/"]}]},{"@type":"BreadcrumbList","@id":"https:\/\/secret-audio.de\/so-entstand-red-secret\/#breadcrumb","itemListElement":[{"@type":"ListItem","position":1,"name":"Startseite","item":"https:\/\/secret-audio.de\/"},{"@type":"ListItem","position":2,"name":"History"}]}]}},"_links":{"self":[{"href":"https:\/\/secret-audio.de\/en\/wp-json\/wp\/v2\/pages\/1203"}],"collection":[{"href":"https:\/\/secret-audio.de\/en\/wp-json\/wp\/v2\/pages"}],"about":[{"href":"https:\/\/secret-audio.de\/en\/wp-json\/wp\/v2\/types\/page"}],"author":[{"embeddable":true,"href":"https:\/\/secret-audio.de\/en\/wp-json\/wp\/v2\/users\/4"}],"replies":[{"embeddable":true,"href":"https:\/\/secret-audio.de\/en\/wp-json\/wp\/v2\/comments?post=1203"}],"version-history":[{"count":17,"href":"https:\/\/secret-audio.de\/en\/wp-json\/wp\/v2\/pages\/1203\/revisions"}],"predecessor-version":[{"id":1377,"href":"https:\/\/secret-audio.de\/en\/wp-json\/wp\/v2\/pages\/1203\/revisions\/1377"}],"wp:attachment":[{"href":"https:\/\/secret-audio.de\/en\/wp-json\/wp\/v2\/media?parent=1203"}],"curies":[{"name":"wp","href":"https:\/\/api.w.org\/{rel}","templated":true}]}}